{"id":15021,"date":"2023-04-18T13:49:31","date_gmt":"2023-04-18T11:49:31","guid":{"rendered":"https:\/\/plexusinvestments.com\/site\/?page_id=15021"},"modified":"2024-11-05T14:51:32","modified_gmt":"2024-11-05T13:51:32","slug":"nachhaltigkeit","status":"publish","type":"page","link":"https:\/\/plexusinvestments.com\/site\/nachhaltigkeit\/","title":{"rendered":"Nachhaltigkeit"},"content":{"rendered":"\t\t<div data-elementor-type=\"wp-post\" data-elementor-id=\"15021\" class=\"elementor elementor-15021\" data-elementor-post-type=\"page\">\n\t\t\t\t\t\t<section class=\"elementor-section elementor-top-section elementor-element elementor-element-27790ac elementor-section-boxed elementor-section-height-default elementor-section-height-default\" data-id=\"27790ac\" data-element_type=\"section\" data-e-type=\"section\">\n\t\t\t\t\t\t<div class=\"elementor-container elementor-column-gap-default\">\n\t\t\t\t\t<div class=\"elementor-column elementor-col-100 elementor-top-column elementor-element elementor-element-208eddf\" data-id=\"208eddf\" data-element_type=\"column\" data-e-type=\"column\">\n\t\t\t<div class=\"elementor-widget-wrap elementor-element-populated\">\n\t\t\t\t\t\t<div class=\"elementor-element elementor-element-947c83a pflicht elementor-widget elementor-widget-text-editor\" data-id=\"947c83a\" data-element_type=\"widget\" data-e-type=\"widget\" data-widget_type=\"text-editor.default\">\n\t\t\t\t<div class=\"elementor-widget-container\">\n\t\t\t\t\t\t\t\t\t<h2><strong>Nachhaltigkeitsbezogene Offenlegungen der PLEXUS Investments AG<\/strong><\/h2><p style=\"font-weight: 400;\">In \u00dcbereinstimmung mit dem Nachhaltigkeitsverst\u00e4ndnis der Europ\u00e4ischen Union, ist Nachhaltigkeit nicht nur auf \u00f6kologische Aspekte zu begrenzen, sondern soll vielmehr das gesamte ESG-Spektrum (Environment, Social und Governance) ber\u00fccksichtigen. Die PLEXUS Investments unterliegt diesbez\u00fcglich Offenlegungspflichten aus der Sustainable Finance Disclosure Regulation (OffenlegungsVO), der Art. 5 bis 8 TaxonomieVO und der delegierten VO (EU) 2022\/1288. In Erf\u00fcllung dieser Offenlegungspflichten geben wir Folgendes bekannt:<\/p><p style=\"font-weight: 400;\"><u>Nachhaltigkeitsstrategie (Art. 3 SFDR):<\/u><\/p><p style=\"font-weight: 400;\">Die PLEXUS Investments AG ist sich ihrer Verantwortung zur Sicherstellung einer lebenswerten Zukunft f\u00fcr die n\u00e4chsten Generationen bewusst und erf\u00fcllt stets alle relevanten regulatorischen Anforderungen. Die PLEXUS Investments AG setzt derzeit die gem\u00e4ss den EU-Regularien vorgesehenen Strategien zur Einbeziehung von Nachhaltigkeitsrisiken beim Investitionsentscheidungsprozess allerdings nicht formalistisch um und ber\u00fccksichtigt folglich die nachteiligen Auswirkungen auf die Nachhaltigkeitsfaktoren nicht systematisch. Dies liegt unter anderem daran, dass noch nicht s\u00e4mtliche relevanten Informationen dazu verf\u00fcgbar sind. Auch ist zu beachten, dass Nachhaltigkeitsrisiken keine eigenst\u00e4ndige Risikokategorie abbilden, sondern unter die bereits bestehenden, klassischen Risikoarten subsumiert werden m\u00fcssen.<\/p><p style=\"font-weight: 400;\">Wir begrenzen s\u00e4mtliche Risiken durch eine langfristig ausgerichtete Strategie und unterziehen die Gesch\u00e4fts- und Risikostrategie einer umfassenden \u00dcberpr\u00fcfung und nehmen gegebenenfalls Anpassungen vor.<\/p><p style=\"font-weight: 400;\">Nachhaltigkeitsrisiken haben derzeit nach unserer Einsch\u00e4tzung keine Auswirkungen auf die Rendite der zur Verf\u00fcgung gestellten Finanzprodukte im Rahmen der Verm\u00f6gensverwaltung und auf die Rendite der Finanzprodukte, die Gegenstand der Anlageberatung sind. Zudem resultieren aufgrund der aktuellen Datenlage und rechtlicher Entwicklungen Unsicherheiten bei der Berechnung und beim Umgang mit Nachhaltigkeitsrisiken.<\/p><p style=\"font-weight: 400;\">Aus diesen Gr\u00fcnden werden Nachhaltigkeitsrisiken bei Investitionsentscheidungen, die im Rahmen von Verm\u00f6gensverwaltungsl\u00f6sungen f\u00fcr Kunden getroffen werden, nicht einbezogen. Ebenso werden Nachhaltigkeitsrisiken nicht bei der Anlageberatung ber\u00fccksichtigt. <u><span lang=\"DE-LI\">(Art. 4 SFDR sowie Art. 12 und 13 del. VO (EU) 2022\/1288):<\/span><\/u><\/p><p style=\"font-weight: 400;\"><u>Transparenz der Verg\u00fctungspolitik im Zusammenhang mit der Ber\u00fccksichtigung von Nachhaltigkeitsrisiken (Art. 5 SFDR):<\/u><\/p><p style=\"font-weight: 400;\">Das Verg\u00fctungssystem der PLEXUS Investments AG zielt auf ein risikobewusstes Verhalten ab. Daraus resultieren eine markt- und funktionsgerechte fixe Verg\u00fctung sowie eine ergebnisorientierte variable Verg\u00fctung.<\/p><p style=\"font-weight: 400;\">Mit dieser Kombination werden die Interessen der Kunden, Eigent\u00fcmer, des Unternehmens und Mitarbeitenden gleichermassen ber\u00fccksichtigt sowie eine nachhaltige und positive Entwicklung der Firma sichergestellt. Aufgrund der deutlichen \u00dcbergewichtung der fixen gegen\u00fcber einer etwaigen variablen Verg\u00fctung werden das verantwortungsvolle, nachhaltige und risikobewusste Verhalten der Mitarbeitenden, welches somit neben anderen Risiken auch den Nachhaltigkeitsrisiken Rechnung tr\u00e4gt, gef\u00f6rdert sowie Fehlanreize vermieden.<\/p><p style=\"font-weight: 400;\">Es werden auch keine Anreize f\u00fcr ein h\u00e4ufiges Kaufen und Verkaufen von Finanzinstrumenten gesetzt. Insgesamt ist das Verg\u00fctungssystem darauf ausgelegt, Interessenkonflikte zu vermeiden. Vorgenanntes gilt auch in Bezug auf Nachhaltigkeitsrisiken. Das Verg\u00fctungssystem ist neutral aufgesetzt, d.h. es werden keine Anreize gesetzt bestimmte Nachhaltigkeitsrisiken einzugehen oder aber diese zu vermeiden.<\/p><p style=\"font-weight: 400;\">Die Verg\u00fctungspolitik setzt somit keine Anreize zur \u00dcbernahme von exzessiven Risiken (einschlie\u00dflich Nachhaltigkeitsrisiken), die mit der Risikopolitik des Unternehmens unvereinbar w\u00e4ren.<\/p><p style=\"font-weight: 400;\">05. November 2024<\/p>\t\t\t\t\t\t\t\t<\/div>\n\t\t\t\t<\/div>\n\t\t\t\t\t<\/div>\n\t\t<\/div>\n\t\t\t\t\t<\/div>\n\t\t<\/section>\n\t\t\t\t<\/div>\n\t\t","protected":false},"excerpt":{"rendered":"<p>Nachhaltigkeitsbezogene Offenlegungen der PLEXUS Investments AG In \u00dcbereinstimmung mit dem Nachhaltigkeitsverst\u00e4ndnis der Europ\u00e4ischen Union, ist Nachhaltigkeit nicht nur auf \u00f6kologische Aspekte zu begrenzen, sondern soll vielmehr das gesamte ESG-Spektrum (Environment, Social und Governance) ber\u00fccksichtigen. Die PLEXUS Investments unterliegt diesbez\u00fcglich Offenlegungspflichten aus der Sustainable Finance Disclosure Regulation (OffenlegungsVO), der Art. 5 bis 8 TaxonomieVO und der [&hellip;]<\/p>\n","protected":false},"author":4,"featured_media":0,"parent":0,"menu_order":2,"comment_status":"closed","ping_status":"closed","template":"elementor_header_footer","meta":{"_acf_changed":false,"inline_featured_image":false,"footnotes":""},"class_list":["post-15021","page","type-page","status-publish","hentry"],"acf":[],"_links":{"self":[{"href":"https:\/\/plexusinvestments.com\/site\/wp-json\/wp\/v2\/pages\/15021","targetHints":{"allow":["GET"]}}],"collection":[{"href":"https:\/\/plexusinvestments.com\/site\/wp-json\/wp\/v2\/pages"}],"about":[{"href":"https:\/\/plexusinvestments.com\/site\/wp-json\/wp\/v2\/types\/page"}],"author":[{"embeddable":true,"href":"https:\/\/plexusinvestments.com\/site\/wp-json\/wp\/v2\/users\/4"}],"replies":[{"embeddable":true,"href":"https:\/\/plexusinvestments.com\/site\/wp-json\/wp\/v2\/comments?post=15021"}],"version-history":[{"count":0,"href":"https:\/\/plexusinvestments.com\/site\/wp-json\/wp\/v2\/pages\/15021\/revisions"}],"wp:attachment":[{"href":"https:\/\/plexusinvestments.com\/site\/wp-json\/wp\/v2\/media?parent=15021"}],"curies":[{"name":"wp","href":"https:\/\/api.w.org\/{rel}","templated":true}]}}