{"id":1694,"date":"2019-02-22T14:36:18","date_gmt":"2019-02-22T13:36:18","guid":{"rendered":"https:\/\/plexusinvestments.com\/site\/?page_id=1694"},"modified":"2020-08-20T13:58:32","modified_gmt":"2020-08-20T11:58:32","slug":"impressum","status":"publish","type":"page","link":"https:\/\/plexusinvestments.com\/site\/impressum\/","title":{"rendered":"Impressum"},"content":{"rendered":"\t\t<div data-elementor-type=\"wp-post\" data-elementor-id=\"1694\" class=\"elementor elementor-1694\" data-elementor-post-type=\"page\">\n\t\t\t\t\t\t<section class=\"elementor-section elementor-top-section elementor-element elementor-element-7c21d24 elementor-section-boxed elementor-section-height-default elementor-section-height-default\" data-id=\"7c21d24\" data-element_type=\"section\" data-e-type=\"section\">\n\t\t\t\t\t\t<div class=\"elementor-container elementor-column-gap-default\">\n\t\t\t\t\t<div class=\"elementor-column elementor-col-50 elementor-top-column elementor-element elementor-element-27f3eaf\" data-id=\"27f3eaf\" data-element_type=\"column\" data-e-type=\"column\">\n\t\t\t<div class=\"elementor-widget-wrap elementor-element-populated\">\n\t\t\t\t\t\t<section class=\"elementor-section elementor-inner-section elementor-element elementor-element-bd660cb elementor-section-content-top elementor-section-boxed elementor-section-height-default elementor-section-height-default\" data-id=\"bd660cb\" data-element_type=\"section\" data-e-type=\"section\">\n\t\t\t\t\t\t<div class=\"elementor-container elementor-column-gap-no\">\n\t\t\t\t\t<div class=\"elementor-column elementor-col-100 elementor-inner-column elementor-element elementor-element-84d8318\" data-id=\"84d8318\" data-element_type=\"column\" data-e-type=\"column\">\n\t\t\t<div class=\"elementor-widget-wrap elementor-element-populated\">\n\t\t\t\t\t\t<div class=\"elementor-element elementor-element-300ec7c pflicht elementor-widget elementor-widget-text-editor\" data-id=\"300ec7c\" data-element_type=\"widget\" data-e-type=\"widget\" data-widget_type=\"text-editor.default\">\n\t\t\t\t<div class=\"elementor-widget-container\">\n\t\t\t\t\t\t\t\t\t<h3>Impressum<\/h3><h4><span class=\"font_0n9xuz9tz\">Angaben gem\u00e4\u00df \u00a7 5 deutsches\u00a0Telemediengesetz (TMG)<\/span><\/h4><p>PLEXUS Investments AG<br \/>Industriering 10<br \/>9491 Ruggell<br \/>F\u00fcrstentum Liechtenstein<\/p><p><strong><span class=\"font_46ky221sz\">Vertreten durch<\/span><\/strong><br \/>den Vorstand G\u00fcnter J\u00e4ger<\/p><p><span class=\"font_46ky221sz\"><strong>Kontakt<\/strong><br \/><\/span>\u2028Telefon: +423 375 04 00<br \/>Telefax: +423 375 04 05<br \/><a href=\"mailto:info@plexusinvestments.com\">info@plexusinvestments.com<\/a><\/p><p><strong><span class=\"font_46ky221sz\">Registereintrag<\/span><\/strong><br \/>Registergericht: Liechtensteinisches Landesgericht<br \/>Handelsregister Nummer: FL-0002.506.231-4<\/p><p><strong><span class=\"font_46ky221sz\">Umsatzsteuer<\/span><\/strong><br \/>Umsatzsteuer-Identifikationsnummer: MWST-Nr.:\u00a060 139<\/p><p><strong><span class=\"font_46ky221sz\">Wirtschaftsidentifikationsnummer<\/span><\/strong><br \/>UID Nummer: CHE-174.769.045<\/p>\t\t\t\t\t\t\t\t<\/div>\n\t\t\t\t<\/div>\n\t\t\t\t<div class=\"elementor-element elementor-element-4319087 pflicht elementor-widget-divider--view-line elementor-widget elementor-widget-divider\" data-id=\"4319087\" data-element_type=\"widget\" data-e-type=\"widget\" data-widget_type=\"divider.default\">\n\t\t\t\t<div class=\"elementor-widget-container\">\n\t\t\t\t\t\t\t<div class=\"elementor-divider\">\n\t\t\t<span class=\"elementor-divider-separator\">\n\t\t\t\t\t\t<\/span>\n\t\t<\/div>\n\t\t\t\t\t\t<\/div>\n\t\t\t\t<\/div>\n\t\t\t\t<div class=\"elementor-element elementor-element-db64bdb pflicht elementor-widget elementor-widget-text-editor\" data-id=\"db64bdb\" data-element_type=\"widget\" data-e-type=\"widget\" data-widget_type=\"text-editor.default\">\n\t\t\t\t<div class=\"elementor-widget-container\">\n\t\t\t\t\t\t\t\t\t<p><strong><span class=\"font_0n9xuz9tz\">Gesamtkonzept:\u00a0\u2028<\/span><\/strong><br \/>PLEXUS Investments AG<br \/>T+C Werbeagentur GmbH<\/p><p><strong><span class=\"font_0n9xuz9tz\">Umsetzung:<\/span><\/strong><br \/>T+C Werbeagentur GmbH<br \/>Am Sportplatz 13<br \/>63791 Karlstein, Deutschland<\/p><p>WordPress.com<\/p>\t\t\t\t\t\t\t\t<\/div>\n\t\t\t\t<\/div>\n\t\t\t\t<div class=\"elementor-element elementor-element-13cdfce pflicht elementor-widget-divider--view-line elementor-widget elementor-widget-divider\" data-id=\"13cdfce\" data-element_type=\"widget\" data-e-type=\"widget\" data-widget_type=\"divider.default\">\n\t\t\t\t<div class=\"elementor-widget-container\">\n\t\t\t\t\t\t\t<div class=\"elementor-divider\">\n\t\t\t<span class=\"elementor-divider-separator\">\n\t\t\t\t\t\t<\/span>\n\t\t<\/div>\n\t\t\t\t\t\t<\/div>\n\t\t\t\t<\/div>\n\t\t\t\t\t<\/div>\n\t\t<\/div>\n\t\t\t\t\t<\/div>\n\t\t<\/section>\n\t\t\t\t\t<\/div>\n\t\t<\/div>\n\t\t\t\t<div class=\"elementor-column elementor-col-50 elementor-top-column elementor-element elementor-element-1eac4ee\" data-id=\"1eac4ee\" data-element_type=\"column\" data-e-type=\"column\">\n\t\t\t<div class=\"elementor-widget-wrap elementor-element-populated\">\n\t\t\t\t\t\t<div class=\"elementor-element elementor-element-ef0c7da pflicht elementor-widget elementor-widget-text-editor\" data-id=\"ef0c7da\" data-element_type=\"widget\" data-e-type=\"widget\" data-widget_type=\"text-editor.default\">\n\t\t\t\t<div class=\"elementor-widget-container\">\n\t\t\t\t\t\t\t\t\t<h3>Berufsbezeichnung und berufsrechtliche Regelungen<\/h3><p>Berufsbezeichnung: Verm\u00f6gensverwalter<br \/>Zust\u00e4ndige Kammer: Finanzmarktaufsicht Liechtenstein (FMA)<br \/>Verliehen durch: F\u00fcrstentum Liechtenstein<br \/>Die berufsrechtlichen Regelungen sind einsehbar unter: Finanzmarktaufsicht Liechtenstein (FMA): <a href=\"https:\/\/www.fma-li.li\" target=\"_blank\" rel=\"noopener\">www.fma-li.li<\/a><\/p><h3>Angaben zur Berufshaftpflichtversicherung<\/h3><p>Name und Sitz des Versicherers:<br \/>AXA Versicherungen AG<br \/>General-Guisan-Strasse 40<br \/>8401 Winterthur<br \/>Schweiz<\/p><p>Geltungsraum der Versicherung: Versichert sind Anspr\u00fcche aus Sch\u00e4den, die in der ganzen Welt eintreten. F\u00fcr Sch\u00e4den im Zusammenhang mit USA oder Kanada gelten die Ausschl\u00fcsse gem\u00e4ss B2.18. (Allgemeine Vertragsbedingungen (AVB), Ausgabe 07.2016<\/p><h3>Verantwortlich f\u00fcr den Inhalt nach <br \/>\u00a7 55 Abs. 2 RStV<\/h3><p>G\u00fcnter J\u00e4ger<br \/>PLEXUS Investments AG<br \/>Industriering 10<br \/>9491 Ruggell<br \/>F\u00fcrstentum Liechtenstein<\/p><h3>Streitschlichtung<\/h3><p>Die Europ\u00e4ische Kommission stellt eine Plattform zur Online-Streitbeilegung (OS) bereit: <a href=\"https:\/\/ec.europa.eu\/consumers\/odr\" target=\"_blank\" rel=\"noopener\">https:\/\/ec.europa.eu\/consumers\/odr<\/a>.<br \/>Unsere E-Mail-Adresse finden Sie oben im Impressum.<\/p><p>F\u00fcr die Beilegung von Streitigkeiten ist eine aussergerichtliche Schlichtungsstelle zust\u00e4ndig, welche aus einer Schlichtungsperson besteht. Die Regierung des F\u00fcrstentums Liechtenstein hat Herrn Rechtsanwalt Dr. Peter Wolff f\u00fcr die Periode vom 01.11.2009 bis 31.12.2021 als Schlichtungsperson bestellt. Die Schlichtungsstelle kann unter folgender Adresse kontaktiert werden:<\/p><p>Dr. Peter Wolff<br \/>Mitteldorf 1<br \/>9490 Vaduz, F\u00fcrstentum Liechtenstein<br \/>E-Mail: wolff@wgp-law.li<\/p><h3>Gew\u00e4hrleistungsausschluss\u2028\u2028<\/h3><p>Der Inhalt dieser Website ist ausschliesslich f\u00fcr allgemeine Informationszwecke vorgesehen; er hat weder den Anspruch, umfassend oder vollst\u00e4ndig zu sein, noch stellt er eine finanzielle, rechtliche oder sonstige fachliche Beratung dar.<\/p><p>PLEXUS Investments bietet keine Gew\u00e4hr (weder ausdr\u00fccklich noch stillschweigend), dass die auf dieser Website ver\u00f6ffentlichten Informationen richtig, korrekt, wahrheitsgem\u00e4ss oder aktuell sind. Die Informationen stellen weder eine Werbung noch eine Empfehlung, ein Angebot oder eine Einladung dar, irgendwelche Anlageinstrumente zu kaufen oder zu verkaufen, anderweitige Gesch\u00e4fte zu t\u00e4tigen oder anderweitige rechtliche Gesch\u00e4fte abzuschliessen.\u00a0Bei Anlageentscheiden lassen Sie sich bitte von qualifiziertem Personal beraten.<\/p><h3>\u2028Warnung vor Risiken<\/h3><p>Bitte beachten Sie, dass sich der Wert einer Investition steigend wie auch fallend ver\u00e4ndern kann. Die zuk\u00fcnftige Performance von Investitionen kann nicht aus der vergangenen Kursentwicklung abgeleitet werden. Anlagen in Fremdw\u00e4hrungen unterliegen zus\u00e4tzlich W\u00e4hrungsschwankungen. Anlagen mit hoher Volatilit\u00e4t k\u00f6nnen hohen Kursschwankungen ausgesetzt sein. Diese Kursschwankungen k\u00f6nnen die H\u00f6he des angelegten Betrages ausmachen oder diesen sogar \u00fcbersteigen. Die Erhaltung des investierten Kapitals kann somit nicht garantiert werden.<\/p><h3>Benutzung<\/h3><p>PLEXUS Investments unternimmt alle Anstrengungen, um einen sicheren Betrieb der Website sicherzustellen. Dennoch k\u00f6nnen M\u00e4ngel wie z.B. Datenverlust oder -verf\u00e4lschung, Virenbefall, Betriebsunterbruch etc. nicht ausgeschlossen werden. Der Zugriff auf die Webseiten erfolgt deshalb auf eigene Gefahr und in eigener Verantwortung.\u2028\u2028<\/p><h3>Haftung f\u00fcr Inhalte<\/h3><p>Als Diensteanbieter sind wir gem\u00e4\u00df \u00a7 7 Abs.1 TMG f\u00fcr eigene Inhalte auf diesen Seiten nach den allgemeinen Gesetzen verantwortlich. Nach \u00a7\u00a7 8 bis 10 TMG sind wir als Diensteanbieter jedoch nicht verpflichtet, \u00fcbermittelte oder gespeicherte fremde Informationen zu \u00fcberwachen oder nach Umst\u00e4nden zu forschen, die auf eine rechtswidrige T\u00e4tigkeit hinweisen.<\/p><p>Verpflichtungen zur Entfernung oder Sperrung der Nutzung von Informationen nach den allgemeinen Gesetzen bleiben hiervon unber\u00fchrt. Eine diesbez\u00fcgliche Haftung ist jedoch erst ab dem Zeitpunkt der Kenntnis einer konkreten Rechtsverletzung m\u00f6glich. Bei Bekanntwerden von entsprechenden Rechtsverletzungen werden wir diese Inhalte umgehend entfernen.<\/p><h3>Haftung f\u00fcr Links<\/h3><p>Unser Angebot enth\u00e4lt Links zu externen Websites Dritter, auf deren Inhalte wir keinen Einfluss haben. Deshalb k\u00f6nnen wir f\u00fcr diese fremden Inhalte auch keine Gew\u00e4hr \u00fcbernehmen. F\u00fcr die Inhalte der verlinkten Seiten ist stets der jeweilige Anbieter oder Betreiber der Seiten verantwortlich. Die verlinkten Seiten wurden zum Zeitpunkt der Verlinkung auf m\u00f6gliche Rechtsverst\u00f6\u00dfe \u00fcberpr\u00fcft. Rechtswidrige Inhalte waren zum Zeitpunkt der Verlinkung nicht erkennbar.<\/p><p>Eine permanente inhaltliche Kontrolle der verlinkten Seiten ist jedoch ohne konkrete Anhaltspunkte einer Rechtsverletzung nicht zumutbar. Bei Bekanntwerden von Rechtsverletzungen werden wir derartige Links umgehend entfernen.<\/p><h3>Urheberrecht<\/h3><p>Die durch die Seitenbetreiber erstellten Inhalte und Werke auf diesen Seiten unterliegen dem deutschen Urheberrecht. Die Vervielf\u00e4ltigung, Bearbeitung, Verbreitung und jede Art der Verwertung au\u00dferhalb der Grenzen des Urheberrechtes bed\u00fcrfen der schriftlichen Zustimmung des jeweiligen Autors bzw. Erstellers. Downloads und Kopien dieser Seite sind nur f\u00fcr den privaten, nicht kommerziellen Gebrauch gestattet.<\/p><p>Soweit die Inhalte auf dieser Seite nicht vom Betreiber erstellt wurden, werden die Urheberrechte Dritter beachtet. Insbesondere werden Inhalte Dritter als solche gekennzeichnet. Sollten Sie trotzdem auf eine Urheberrechtsverletzung aufmerksam werden, bitten wir um einen entsprechenden Hinweis. Bei Bekanntwerden von Rechtsverletzungen werden wir derartige Inhalte umgehend entfernen.<\/p>\t\t\t\t\t\t\t\t<\/div>\n\t\t\t\t<\/div>\n\t\t\t\t\t<\/div>\n\t\t<\/div>\n\t\t\t\t\t<\/div>\n\t\t<\/section>\n\t\t\t\t<\/div>\n\t\t","protected":false},"excerpt":{"rendered":"<p>Impressum Angaben gem\u00e4\u00df \u00a7 5 deutsches\u00a0Telemediengesetz (TMG) PLEXUS Investments AGIndustriering 109491 RuggellF\u00fcrstentum Liechtenstein Vertreten durchden Vorstand G\u00fcnter J\u00e4ger Kontakt\u2028Telefon: +423 375 04 00Telefax: +423 375 04 05info@plexusinvestments.com RegistereintragRegistergericht: Liechtensteinisches LandesgerichtHandelsregister Nummer: FL-0002.506.231-4 UmsatzsteuerUmsatzsteuer-Identifikationsnummer: MWST-Nr.:\u00a060 139 WirtschaftsidentifikationsnummerUID Nummer: CHE-174.769.045 Gesamtkonzept:\u00a0\u2028PLEXUS Investments AGT+C Werbeagentur GmbH Umsetzung:T+C Werbeagentur GmbHAm Sportplatz 1363791 Karlstein, Deutschland WordPress.com Berufsbezeichnung und berufsrechtliche Regelungen [&hellip;]<\/p>\n","protected":false},"author":1,"featured_media":0,"parent":0,"menu_order":0,"comment_status":"closed","ping_status":"closed","template":"elementor_header_footer","meta":{"_acf_changed":false,"inline_featured_image":false,"footnotes":""},"class_list":["post-1694","page","type-page","status-publish","hentry"],"acf":[],"_links":{"self":[{"href":"https:\/\/plexusinvestments.com\/site\/wp-json\/wp\/v2\/pages\/1694","targetHints":{"allow":["GET"]}}],"collection":[{"href":"https:\/\/plexusinvestments.com\/site\/wp-json\/wp\/v2\/pages"}],"about":[{"href":"https:\/\/plexusinvestments.com\/site\/wp-json\/wp\/v2\/types\/page"}],"author":[{"embeddable":true,"href":"https:\/\/plexusinvestments.com\/site\/wp-json\/wp\/v2\/users\/1"}],"replies":[{"embeddable":true,"href":"https:\/\/plexusinvestments.com\/site\/wp-json\/wp\/v2\/comments?post=1694"}],"version-history":[{"count":0,"href":"https:\/\/plexusinvestments.com\/site\/wp-json\/wp\/v2\/pages\/1694\/revisions"}],"wp:attachment":[{"href":"https:\/\/plexusinvestments.com\/site\/wp-json\/wp\/v2\/media?parent=1694"}],"curies":[{"name":"wp","href":"https:\/\/api.w.org\/{rel}","templated":true}]}}