{"id":1725,"date":"2019-02-22T18:17:08","date_gmt":"2019-02-22T17:17:08","guid":{"rendered":"https:\/\/plexusinvestments.com\/site\/?page_id=1725"},"modified":"2023-06-29T16:12:40","modified_gmt":"2023-06-29T14:12:40","slug":"regulierung","status":"publish","type":"page","link":"https:\/\/plexusinvestments.com\/site\/regulierung\/","title":{"rendered":"Regulierung"},"content":{"rendered":"\t\t<div data-elementor-type=\"wp-post\" data-elementor-id=\"1725\" class=\"elementor elementor-1725\" data-elementor-post-type=\"page\">\n\t\t\t\t\t\t<section class=\"elementor-section elementor-top-section elementor-element elementor-element-cd9d0d5 elementor-section-height-min-height elementor-section-items-top elementor-section-boxed elementor-section-height-default\" data-id=\"cd9d0d5\" data-element_type=\"section\" data-e-type=\"section\">\n\t\t\t\t\t\t<div class=\"elementor-container elementor-column-gap-default\">\n\t\t\t\t\t<div class=\"elementor-column elementor-col-100 elementor-top-column elementor-element elementor-element-c6c7b5f\" data-id=\"c6c7b5f\" data-element_type=\"column\" data-e-type=\"column\">\n\t\t\t<div class=\"elementor-widget-wrap elementor-element-populated\">\n\t\t\t\t\t\t<div class=\"elementor-element elementor-element-0dbffbc pflicht elementor-widget elementor-widget-text-editor\" data-id=\"0dbffbc\" data-element_type=\"widget\" data-e-type=\"widget\" data-widget_type=\"text-editor.default\">\n\t\t\t\t<div class=\"elementor-widget-container\">\n\t\t\t\t\t\t\t\t\t<h3>Aufsicht \/ Regulierung<\/h3><p>PLEXUS Investments ist konzessioniert und reguliert durch die\u00a0<a title=\"Finanzmarktaufsicht\" href=\"https:\/\/www.fma-li.li\/\" target=\"_blank\" rel=\"noopener\"><span class=\"font_744ihubpj\">Finanzmarktaufsicht Liechtenstein (FMA)<\/span><\/a>. Wir sind Mitglied des Vereins unabh\u00e4ngiger Verm\u00f6gensverwalter in Liechtenstein \u2013 VuVL\u00a0<span class=\"font_744ihubpj\">(<a title=\"Standesrichtlinien\" href=\"https:\/\/www.vuvl.li\/downloads\/\" target=\"_blank\" rel=\"noopener\">Standesrichtlinien<\/a>\u00a0\/\u00a0<a title=\"Beschwerdeformular\" href=\"https:\/\/plexusinvestments.com\/site\/wp-content\/uploads\/2023\/06\/Anhang-7-PLEXUS_Beschwerdeformular_de-1.docx\" target=\"_blank\" rel=\"noopener\" download=\"\">Download Beschwerdeformular VuVL<\/a>)<\/span>\u00a0und in der Einlagensicherungs- und Anlegerentsch\u00e4digungsstiftung Liechtenstein\u00a0<a title=\"EAS Liechtenstein\" href=\"https:\/\/www.eas-liechtenstein.li\/de\/\" target=\"_blank\" rel=\"noopener\"><span class=\"font_744ihubpj\">www.eas-liechtenstein.li<\/span><\/a>. Compliance\u00a0und Risikomanagement\u00a0sind ausgelagert.<\/p><p><a title=\"Schlichtungsstelle\" href=\"http:\/\/www.schlichtungsstelle.li\/\" target=\"_blank\" rel=\"noopener\"><span class=\"font_744ihubpj\">Aussergerichtliche Schlichtungsstelle im Finanzdienstleistungsbereich<\/span><\/a><br \/>F\u00fcr die Beilegung von Streitigkeiten\u00a0ist eine aussergerichtliche Schlichtungsstelle zust\u00e4ndig, welche aus einer Schlichtungsperson besteht. Die Regierung des F\u00fcrstentums Liechtenstein hat Herrn Rechtsanwalt Dr. Peter Wolff f\u00fcr die Periode vom 01.11.2009 bis 31.12.2021 als Schlichtungsperson bestellt. Die Schlichtungsstelle kann unter folgender Adresse kontaktiert werden:<\/p><p>Dr. Peter Wolff<br \/>Landstrasse 60<br \/>9490 Vaduz, F\u00fcrstentum Liechtenstein<br \/>E-Mail: wolff@wgp-law.li<\/p>\t\t\t\t\t\t\t\t<\/div>\n\t\t\t\t<\/div>\n\t\t\t\t\t<\/div>\n\t\t<\/div>\n\t\t\t\t\t<\/div>\n\t\t<\/section>\n\t\t\t\t<\/div>\n\t\t","protected":false},"excerpt":{"rendered":"<p>Aufsicht \/ Regulierung PLEXUS Investments ist konzessioniert und reguliert durch die&nbsp;Finanzmarktaufsicht Liechtenstein (FMA). Wir sind Mitglied des Vereins unabh\u00e4ngiger Verm\u00f6gensverwalter in Liechtenstein \u2013 VuVL&nbsp;(Standesrichtlinien&nbsp;\/&nbsp;Download Beschwerdeformular VuVL)&nbsp;und in der Einlagensicherungs- und Anlegerentsch\u00e4digungsstiftung Liechtenstein&nbsp;www.eas-liechtenstein.li. Compliance&nbsp;und Risikomanagement&nbsp;sind ausgelagert. Aussergerichtliche Schlichtungsstelle im Finanzdienstleistungsbereich F\u00fcr die Beilegung von Streitigkeiten&nbsp;ist eine aussergerichtliche Schlichtungsstelle zust\u00e4ndig, welche aus einer Schlichtungsperson besteht. Die Regierung [&hellip;]<\/p>\n","protected":false},"author":1,"featured_media":0,"parent":0,"menu_order":0,"comment_status":"closed","ping_status":"closed","template":"elementor_header_footer","meta":{"_acf_changed":false,"inline_featured_image":false,"footnotes":""},"class_list":["post-1725","page","type-page","status-publish","hentry"],"acf":[],"_links":{"self":[{"href":"https:\/\/plexusinvestments.com\/site\/wp-json\/wp\/v2\/pages\/1725","targetHints":{"allow":["GET"]}}],"collection":[{"href":"https:\/\/plexusinvestments.com\/site\/wp-json\/wp\/v2\/pages"}],"about":[{"href":"https:\/\/plexusinvestments.com\/site\/wp-json\/wp\/v2\/types\/page"}],"author":[{"embeddable":true,"href":"https:\/\/plexusinvestments.com\/site\/wp-json\/wp\/v2\/users\/1"}],"replies":[{"embeddable":true,"href":"https:\/\/plexusinvestments.com\/site\/wp-json\/wp\/v2\/comments?post=1725"}],"version-history":[{"count":0,"href":"https:\/\/plexusinvestments.com\/site\/wp-json\/wp\/v2\/pages\/1725\/revisions"}],"wp:attachment":[{"href":"https:\/\/plexusinvestments.com\/site\/wp-json\/wp\/v2\/media?parent=1725"}],"curies":[{"name":"wp","href":"https:\/\/api.w.org\/{rel}","templated":true}]}}